{"id":4,"date":"2019-06-20T16:29:17","date_gmt":"2019-06-20T16:29:17","guid":{"rendered":"http:\/\/johnscoffeenarlibahce.com\/?p=4"},"modified":"2025-08-17T11:38:03","modified_gmt":"2025-08-17T11:38:03","slug":"home","status":"publish","type":"page","link":"https:\/\/johnscoffeenarlibahce.com\/","title":{"rendered":"Home"},"content":{"rendered":"<p><img decoding=\"async\" src=\"\/wp-content\/uploads\/2025\/08\/johns-logo.svg\" alt=\"\"><\/p>\n<h1>\n<p>JOHN&#8217;S COFFEE<br \/><span class=\"nar\">NARLIBAH\u00c7E<\/span><\/p>\n<\/h1>\n<p>\n    <a href=\"\/index.php?page_id=1127\">MEN\u00dc<\/a>\n<\/p>\n<ul>\n<li><a href=\"https:\/\/www.instagram.com\/johnscoffee.narlibahceevleri\/\">instagram<\/a>\n<\/li>\n<\/ul>\n<div>\n<p>*Take Away al\u0131mlarda fiyat fark\u0131 al\u0131nmaktad\u0131r.<\/p>\n<\/div>\n<p><!--more--><br \/>\n<!-- {\"name\":\"Home\",\"type\":\"layout\",\"children\":[{\"name\":\"Hero\",\"type\":\"section\",\"props\":{\"animation\":\"slide-left-medium\",\"animation_delay\":false,\"height\":\"viewport\",\"height_offset_top\":true,\"height_viewport\":100,\"image_position\":\"center-center\",\"image_size\":\"cover\",\"media_background\":\"rgba(0, 0, 0, 0.47)\",\"media_blend_mode\":\"multiply\",\"media_focal_point\":\"top-center\",\"overlap\":false,\"padding\":\"xsmall\",\"padding_remove_bottom\":true,\"padding_remove_top\":false,\"style\":\"default\",\"title_breakpoint\":\"xl\",\"title_position\":\"top-left\",\"title_rotation\":\"left\",\"vertical_align\":\"\",\"video\":\"wp-content\\\/uploads\\\/2025\\\/08\\\/coffee-coffeelover-coffeetime.mp4\",\"width\":\"default\"},\"children\":[{\"type\":\"row\",\"children\":[{\"type\":\"column\",\"props\":{\"image_position\":\"center-center\",\"position_sticky_breakpoint\":\"m\"},\"children\":[{\"type\":\"image\",\"props\":{\"height_expand\":false,\"image\":\"wp-content\\\/uploads\\\/2025\\\/08\\\/johns-logo.svg\",\"image_svg_color\":\"emphasis\",\"margin\":\"default\",\"margin_remove_bottom\":true,\"margin_remove_top\":true,\"text_align\":\"center\"}},{\"type\":\"headline\",\"props\":{\"content\":\"\n\n<p>JOHN'S COFFEE<br \\\/><span class=\\\"nar\\\">NARLIBAH\\u00c7E<\\\/span><\\\/p>\",\"css\":\".el-element{\\n\\tfont-weight:600;\\n    color:#fff;\\n}\\n.nar{\\n\\tfont-size:28px;\\n}\",\"margin_remove_top\":true,\"text_align\":\"center\",\"title_element\":\"h1\",\"title_style\":\"heading-small\"}}]}]},{\"type\":\"row\",\"children\":[{\"type\":\"column\",\"props\":{\"image_position\":\"center-center\",\"position_sticky_breakpoint\":\"m\"},\"children\":[{\"type\":\"button\",\"props\":{\"fullwidth\":false,\"grid_column_gap\":\"\",\"grid_row_gap\":\"\",\"margin\":\"default\",\"text_align\":\"center\"},\"children\":[{\"type\":\"button_item\",\"props\":{\"button_style\":\"default\",\"content\":\"MEN\\u00dc\",\"icon_align\":\"left\",\"link\":\"index.php?page_id=1127\"}}]},{\"type\":\"social\",\"props\":{\"grid\":\"horizontal\",\"grid_gap\":\"small\",\"image_svg_inline\":true,\"link_style\":\"button\",\"margin\":\"default\",\"text_align\":\"center\"},\"children\":[{\"type\":\"social_item\",\"props\":{\"icon\":\"instagram\",\"link\":\"https:\\\/\\\/www.instagram.com\\\/johnscoffee.narlibahceevleri\\\/\"}}]},{\"type\":\"text\",\"props\":{\"column_breakpoint\":\"m\",\"content\":\"\n\n<p>*Take Away al\\u0131mlarda fiyat fark\\u0131 al\\u0131nmaktad\\u0131r.<\\\/p>\",\"css\":\".el-element{\\n\\tcolor:#fff;\\n}\",\"margin\":\"default\",\"text_align\":\"center\"}}]}],\"props\":{\"margin_remove_top\":true}}]}],\"version\":\"4.4.5\"} --><\/p>\n","protected":false},"excerpt":{"rendered":"<p>JOHN&#8217;S COFFEENARLIBAH\u00c7E MEN\u00dc instagram *Take Away al\u0131mlarda fiyat fark\u0131 al\u0131nmaktad\u0131r.<\/p>\n","protected":false},"author":1,"featured_media":0,"parent":0,"menu_order":3,"comment_status":"open","ping_status":"open","template":"","meta":{"_acf_changed":false,"footnotes":""},"class_list":["post-4","page","type-page","status-publish","hentry"],"acf":[],"_links":{"self":[{"href":"https:\/\/johnscoffeenarlibahce.com\/index.php?rest_route=\/wp\/v2\/pages\/4","targetHints":{"allow":["GET"]}}],"collection":[{"href":"https:\/\/johnscoffeenarlibahce.com\/index.php?rest_route=\/wp\/v2\/pages"}],"about":[{"href":"https:\/\/johnscoffeenarlibahce.com\/index.php?rest_route=\/wp\/v2\/types\/page"}],"author":[{"embeddable":true,"href":"https:\/\/johnscoffeenarlibahce.com\/index.php?rest_route=\/wp\/v2\/users\/1"}],"replies":[{"embeddable":true,"href":"https:\/\/johnscoffeenarlibahce.com\/index.php?rest_route=%2Fwp%2Fv2%2Fcomments&post=4"}],"version-history":[{"count":49,"href":"https:\/\/johnscoffeenarlibahce.com\/index.php?rest_route=\/wp\/v2\/pages\/4\/revisions"}],"predecessor-version":[{"id":1174,"href":"https:\/\/johnscoffeenarlibahce.com\/index.php?rest_route=\/wp\/v2\/pages\/4\/revisions\/1174"}],"wp:attachment":[{"href":"https:\/\/johnscoffeenarlibahce.com\/index.php?rest_route=%2Fwp%2Fv2%2Fmedia&parent=4"}],"curies":[{"name":"wp","href":"https:\/\/api.w.org\/{rel}","templated":true}]}}